{"id":579,"date":"2018-08-28T12:22:24","date_gmt":"2018-08-28T12:22:24","guid":{"rendered":"https:\/\/ffyritysrahoitus.fi\/rahoitusta-yrityksille\/"},"modified":"2026-02-13T08:09:39","modified_gmt":"2026-02-13T08:09:39","slug":"rahoitusta-yrityksille","status":"publish","type":"page","link":"https:\/\/ffyritysrahoitus.fi\/sv\/rahoitusta-yrityksille\/","title":{"rendered":"Finansiering f\u00f6r f\u00f6retag"},"content":{"rendered":"<p>Vi erbjuder r\u00e4ntefinansiering f\u00f6r finl\u00e4ndska sm\u00e5- och medelstora f\u00f6retags tillv\u00e4xt. Vi vet att m\u00e5nga v\u00e4xande och \u00e4ven l\u00f6nsamma f\u00f6retag har kassalikviditeten som flaskhals. Klienternas betalningsvillkor kan vara utmanande f\u00f6r f\u00f6retagen, bankens factoring-avtal kan ha omr\u00e5den utan t\u00e4ckning eller s\u00e5 kan f\u00f6rdr\u00f6jda projekt orsaka kassaproblem. F\u00f6retaget kan s\u00f6ka finansiering som alternativ till bankens erbjudande, till exempel f\u00f6r \u00e4ndringar i sin verksamhet eller f\u00f6r att p\u00e5skynda sin tillv\u00e4xt.<\/p>\n","protected":false},"excerpt":{"rendered":"<p>Vi erbjuder r\u00e4ntefinansiering f\u00f6r finl\u00e4ndska sm\u00e5- och medelstora f\u00f6retags tillv\u00e4xt. Vi vet att m\u00e5nga v\u00e4xande och \u00e4ven l\u00f6nsamma f\u00f6retag har kassalikviditeten som flaskhals. Klienternas betalningsvillkor kan vara utmanande f\u00f6r f\u00f6retagen, bankens factoring-avtal kan ha omr\u00e5den utan t\u00e4ckning eller s\u00e5 kan f\u00f6rdr\u00f6jda projekt orsaka kassaproblem. F\u00f6retaget kan s\u00f6ka finansiering som alternativ till bankens erbjudande, till exempel [&hellip;]<\/p>\n","protected":false},"author":1,"featured_media":441,"parent":0,"menu_order":1,"comment_status":"closed","ping_status":"closed","template":"rahoitusta-yrityksille.php","meta":{"_acf_changed":false,"footnotes":""},"class_list":["post-579","page","type-page","status-publish","has-post-thumbnail","hentry"],"acf":[],"_links":{"self":[{"href":"https:\/\/ffyritysrahoitus.fi\/sv\/wp-json\/wp\/v2\/pages\/579","targetHints":{"allow":["GET"]}}],"collection":[{"href":"https:\/\/ffyritysrahoitus.fi\/sv\/wp-json\/wp\/v2\/pages"}],"about":[{"href":"https:\/\/ffyritysrahoitus.fi\/sv\/wp-json\/wp\/v2\/types\/page"}],"author":[{"embeddable":true,"href":"https:\/\/ffyritysrahoitus.fi\/sv\/wp-json\/wp\/v2\/users\/1"}],"replies":[{"embeddable":true,"href":"https:\/\/ffyritysrahoitus.fi\/sv\/wp-json\/wp\/v2\/comments?post=579"}],"version-history":[{"count":5,"href":"https:\/\/ffyritysrahoitus.fi\/sv\/wp-json\/wp\/v2\/pages\/579\/revisions"}],"predecessor-version":[{"id":671,"href":"https:\/\/ffyritysrahoitus.fi\/sv\/wp-json\/wp\/v2\/pages\/579\/revisions\/671"}],"wp:featuredmedia":[{"embeddable":true,"href":"https:\/\/ffyritysrahoitus.fi\/sv\/wp-json\/wp\/v2\/media\/441"}],"wp:attachment":[{"href":"https:\/\/ffyritysrahoitus.fi\/sv\/wp-json\/wp\/v2\/media?parent=579"}],"curies":[{"name":"wp","href":"https:\/\/api.w.org\/{rel}","templated":true}]}}