{"id":572,"date":"2021-10-08T07:37:49","date_gmt":"2021-10-08T07:37:49","guid":{"rendered":"https:\/\/ffyritysrahoitus.fi\/evasteet\/"},"modified":"2023-01-12T08:52:22","modified_gmt":"2023-01-12T08:52:22","slug":"evasteet","status":"publish","type":"page","link":"https:\/\/ffyritysrahoitus.fi\/sv\/evasteet\/","title":{"rendered":"Ev\u00e4steet"},"content":{"rendered":"<p>Tyv\u00e4rr \u00e4r denna artikel enbart tillg\u00e4nglig p\u00e5 finska.<\/p>\n","protected":false},"excerpt":{"rendered":"<p>Tyv\u00e4rr \u00e4r denna artikel enbart tillg\u00e4nglig p\u00e5 finska.<\/p>\n","protected":false},"author":6,"featured_media":481,"parent":0,"menu_order":0,"comment_status":"closed","ping_status":"closed","template":"terms.php","meta":{"_acf_changed":false,"footnotes":""},"class_list":["post-572","page","type-page","status-publish","has-post-thumbnail","hentry"],"acf":[],"_links":{"self":[{"href":"https:\/\/ffyritysrahoitus.fi\/sv\/wp-json\/wp\/v2\/pages\/572","targetHints":{"allow":["GET"]}}],"collection":[{"href":"https:\/\/ffyritysrahoitus.fi\/sv\/wp-json\/wp\/v2\/pages"}],"about":[{"href":"https:\/\/ffyritysrahoitus.fi\/sv\/wp-json\/wp\/v2\/types\/page"}],"author":[{"embeddable":true,"href":"https:\/\/ffyritysrahoitus.fi\/sv\/wp-json\/wp\/v2\/users\/6"}],"replies":[{"embeddable":true,"href":"https:\/\/ffyritysrahoitus.fi\/sv\/wp-json\/wp\/v2\/comments?post=572"}],"version-history":[{"count":2,"href":"https:\/\/ffyritysrahoitus.fi\/sv\/wp-json\/wp\/v2\/pages\/572\/revisions"}],"predecessor-version":[{"id":577,"href":"https:\/\/ffyritysrahoitus.fi\/sv\/wp-json\/wp\/v2\/pages\/572\/revisions\/577"}],"wp:featuredmedia":[{"embeddable":true,"href":"https:\/\/ffyritysrahoitus.fi\/sv\/wp-json\/wp\/v2\/media\/481"}],"wp:attachment":[{"href":"https:\/\/ffyritysrahoitus.fi\/sv\/wp-json\/wp\/v2\/media?parent=572"}],"curies":[{"name":"wp","href":"https:\/\/api.w.org\/{rel}","templated":true}]}}