{"id":536,"date":"2018-08-28T12:23:07","date_gmt":"2018-08-28T12:23:07","guid":{"rendered":"https:\/\/ffyritysrahoitus.fi\/yritys\/"},"modified":"2023-01-10T14:44:20","modified_gmt":"2023-01-10T14:44:20","slug":"yritys","status":"publish","type":"page","link":"https:\/\/ffyritysrahoitus.fi\/sv\/yritys\/","title":{"rendered":"Om oss"},"content":{"rendered":"<p>FF Yritysrahoitus Ab erbjuder l\u00e5ner till driftsmedels- och investeringsbehov samt finansiering till projekt, best\u00e4llningar och r\u00e4kningfordringar<\/p>\n","protected":false},"excerpt":{"rendered":"<p>FF Yritysrahoitus Ab erbjuder l\u00e5ner till driftsmedels- och investeringsbehov samt finansiering till projekt, best\u00e4llningar och r\u00e4kningfordringar<\/p>\n","protected":false},"author":1,"featured_media":624,"parent":0,"menu_order":2,"comment_status":"closed","ping_status":"closed","template":"yritys.php","meta":{"_acf_changed":false,"footnotes":""},"class_list":["post-536","page","type-page","status-publish","has-post-thumbnail","hentry"],"acf":[],"_links":{"self":[{"href":"https:\/\/ffyritysrahoitus.fi\/sv\/wp-json\/wp\/v2\/pages\/536","targetHints":{"allow":["GET"]}}],"collection":[{"href":"https:\/\/ffyritysrahoitus.fi\/sv\/wp-json\/wp\/v2\/pages"}],"about":[{"href":"https:\/\/ffyritysrahoitus.fi\/sv\/wp-json\/wp\/v2\/types\/page"}],"author":[{"embeddable":true,"href":"https:\/\/ffyritysrahoitus.fi\/sv\/wp-json\/wp\/v2\/users\/1"}],"replies":[{"embeddable":true,"href":"https:\/\/ffyritysrahoitus.fi\/sv\/wp-json\/wp\/v2\/comments?post=536"}],"version-history":[{"count":2,"href":"https:\/\/ffyritysrahoitus.fi\/sv\/wp-json\/wp\/v2\/pages\/536\/revisions"}],"predecessor-version":[{"id":540,"href":"https:\/\/ffyritysrahoitus.fi\/sv\/wp-json\/wp\/v2\/pages\/536\/revisions\/540"}],"wp:featuredmedia":[{"embeddable":true,"href":"https:\/\/ffyritysrahoitus.fi\/sv\/wp-json\/wp\/v2\/media\/624"}],"wp:attachment":[{"href":"https:\/\/ffyritysrahoitus.fi\/sv\/wp-json\/wp\/v2\/media?parent=536"}],"curies":[{"name":"wp","href":"https:\/\/api.w.org\/{rel}","templated":true}]}}