{"id":524,"date":"2018-08-28T09:25:29","date_gmt":"2018-08-28T09:25:29","guid":{"rendered":"https:\/\/ffyritysrahoitus.fi\/home\/"},"modified":"2023-02-13T12:14:50","modified_gmt":"2023-02-13T12:14:50","slug":"home","status":"publish","type":"page","link":"https:\/\/ffyritysrahoitus.fi\/sv\/","title":{"rendered":"Flexibel f\u00f6retagsl\u00e5n till SME-f\u00f6retag"},"content":{"rendered":"<p>Vi betj\u00e4nar f\u00f6retag som beh\u00f6ver flexibel finansiering, men som uteblir fr\u00e5n bankfinansiering eller \u00e4r i behov av bryggfinansiering innan banken kommer i fr\u00e5gan. Vi finansierar exempelvis r\u00e4kningfordringar, best\u00e4llningar eller projekt. V\u00e5r priss\u00e4ttning beror p\u00e5 uppskattad risk och f\u00f6retagets depositioner.<\/p>\n<p>Vi betraktar f\u00f6retagarnas individuella behov och i v\u00e5r verksamhet koncentrerar oss i klarhet, flexibilitet och snabb beslutfattning. V\u00e5ra finansieringsm\u00e4ngder typiskt varierar fr\u00e5n 100 000 euro till en million euro. \u00c4ven st\u00f6rre finansieringsbehov \u00e4r m\u00f6jliga genom oss.<\/p>\n","protected":false},"excerpt":{"rendered":"<p>Vi betj\u00e4nar f\u00f6retag som beh\u00f6ver flexibel finansiering, men som uteblir fr\u00e5n bankfinansiering eller \u00e4r i behov av bryggfinansiering innan banken kommer i fr\u00e5gan. Vi finansierar exempelvis r\u00e4kningfordringar, best\u00e4llningar eller projekt. V\u00e5r priss\u00e4ttning beror p\u00e5 uppskattad risk och f\u00f6retagets depositioner. Vi betraktar f\u00f6retagarnas individuella behov och i v\u00e5r verksamhet koncentrerar oss i klarhet, flexibilitet och snabb [&hellip;]<\/p>\n","protected":false},"author":1,"featured_media":633,"parent":0,"menu_order":0,"comment_status":"closed","ping_status":"closed","template":"index.php","meta":{"_acf_changed":false,"footnotes":""},"class_list":["post-524","page","type-page","status-publish","has-post-thumbnail","hentry"],"acf":[],"_links":{"self":[{"href":"https:\/\/ffyritysrahoitus.fi\/sv\/wp-json\/wp\/v2\/pages\/524","targetHints":{"allow":["GET"]}}],"collection":[{"href":"https:\/\/ffyritysrahoitus.fi\/sv\/wp-json\/wp\/v2\/pages"}],"about":[{"href":"https:\/\/ffyritysrahoitus.fi\/sv\/wp-json\/wp\/v2\/types\/page"}],"author":[{"embeddable":true,"href":"https:\/\/ffyritysrahoitus.fi\/sv\/wp-json\/wp\/v2\/users\/1"}],"replies":[{"embeddable":true,"href":"https:\/\/ffyritysrahoitus.fi\/sv\/wp-json\/wp\/v2\/comments?post=524"}],"version-history":[{"count":6,"href":"https:\/\/ffyritysrahoitus.fi\/sv\/wp-json\/wp\/v2\/pages\/524\/revisions"}],"predecessor-version":[{"id":639,"href":"https:\/\/ffyritysrahoitus.fi\/sv\/wp-json\/wp\/v2\/pages\/524\/revisions\/639"}],"wp:featuredmedia":[{"embeddable":true,"href":"https:\/\/ffyritysrahoitus.fi\/sv\/wp-json\/wp\/v2\/media\/633"}],"wp:attachment":[{"href":"https:\/\/ffyritysrahoitus.fi\/sv\/wp-json\/wp\/v2\/media?parent=524"}],"curies":[{"name":"wp","href":"https:\/\/api.w.org\/{rel}","templated":true}]}}